{"id":15,"date":"2026-02-05T17:38:05","date_gmt":"2026-02-05T17:38:05","guid":{"rendered":"https:\/\/walnutbistro.com\/menu-page\/"},"modified":"2026-02-07T16:10:38","modified_gmt":"2026-02-07T16:10:38","slug":"menu-page","status":"publish","type":"page","link":"https:\/\/walnutbistro.com\/en\/menu-page\/","title":{"rendered":"Bistro"},"content":{"rendered":"<figure class=\"wp-block-gallery alignwide has-nested-images columns-default is-cropped wp-block-gallery-1 is-layout-flex wp-block-gallery-is-layout-flex\">\n<figure class=\"wp-block-image size-large\"><img loading=\"lazy\" decoding=\"async\" width=\"982\" height=\"1024\" data-id=\"204\" src=\"https:\/\/walnutbistro.com\/wp-content\/uploads\/2026\/02\/IMG_1402-982x1024.jpg\" alt=\"\" class=\"wp-image-204\" srcset=\"https:\/\/walnutbistro.com\/wp-content\/uploads\/2026\/02\/IMG_1402-982x1024.jpg 982w, https:\/\/walnutbistro.com\/wp-content\/uploads\/2026\/02\/IMG_1402-288x300.jpg 288w, https:\/\/walnutbistro.com\/wp-content\/uploads\/2026\/02\/IMG_1402-768x801.jpg 768w, https:\/\/walnutbistro.com\/wp-content\/uploads\/2026\/02\/IMG_1402-1472x1536.jpg 1472w, https:\/\/walnutbistro.com\/wp-content\/uploads\/2026\/02\/IMG_1402-1963x2048.jpg 1963w, https:\/\/walnutbistro.com\/wp-content\/uploads\/2026\/02\/IMG_1402-12x12.jpg 12w\" sizes=\"auto, (max-width: 982px) 100vw, 982px\" \/><\/figure>\n\n\n\n<figure class=\"wp-block-image size-large\"><img loading=\"lazy\" decoding=\"async\" width=\"1024\" height=\"768\" data-id=\"205\" src=\"https:\/\/walnutbistro.com\/wp-content\/uploads\/2026\/02\/IMG_0191-1024x768.jpg\" alt=\"\" class=\"wp-image-205\" srcset=\"https:\/\/walnutbistro.com\/wp-content\/uploads\/2026\/02\/IMG_0191-1024x768.jpg 1024w, https:\/\/walnutbistro.com\/wp-content\/uploads\/2026\/02\/IMG_0191-300x225.jpg 300w, https:\/\/walnutbistro.com\/wp-content\/uploads\/2026\/02\/IMG_0191-768x576.jpg 768w, https:\/\/walnutbistro.com\/wp-content\/uploads\/2026\/02\/IMG_0191-1536x1152.jpg 1536w, https:\/\/walnutbistro.com\/wp-content\/uploads\/2026\/02\/IMG_0191-2048x1536.jpg 2048w, https:\/\/walnutbistro.com\/wp-content\/uploads\/2026\/02\/IMG_0191-16x12.jpg 16w\" sizes=\"auto, (max-width: 1024px) 100vw, 1024px\" \/><\/figure>\n\n\n\n<figure class=\"wp-block-image size-large is-style-default\"><img loading=\"lazy\" decoding=\"async\" width=\"768\" height=\"1024\" data-id=\"203\" src=\"https:\/\/walnutbistro.com\/wp-content\/uploads\/2026\/02\/IMG_0086_SnapseedCopy-768x1024.jpg\" alt=\"\" class=\"wp-image-203\" srcset=\"https:\/\/walnutbistro.com\/wp-content\/uploads\/2026\/02\/IMG_0086_SnapseedCopy-768x1024.jpg 768w, https:\/\/walnutbistro.com\/wp-content\/uploads\/2026\/02\/IMG_0086_SnapseedCopy-225x300.jpg 225w, https:\/\/walnutbistro.com\/wp-content\/uploads\/2026\/02\/IMG_0086_SnapseedCopy-1152x1536.jpg 1152w, https:\/\/walnutbistro.com\/wp-content\/uploads\/2026\/02\/IMG_0086_SnapseedCopy-1536x2048.jpg 1536w, https:\/\/walnutbistro.com\/wp-content\/uploads\/2026\/02\/IMG_0086_SnapseedCopy-9x12.jpg 9w, https:\/\/walnutbistro.com\/wp-content\/uploads\/2026\/02\/IMG_0086_SnapseedCopy-scaled.jpg 1920w\" sizes=\"auto, (max-width: 768px) 100vw, 768px\" \/><\/figure>\n<\/figure>\n\n\n\n<div class=\"wp-block-media-text alignfull is-stacked-on-mobile is-image-fill-element is-style-default has-secondary-background-color has-background\" style=\"padding-top:0;padding-right:var(--wp--preset--spacing--20);padding-bottom:0;padding-left:var(--wp--preset--spacing--20);grid-template-columns:63% auto\"><figure class=\"wp-block-media-text__media\"><img loading=\"lazy\" decoding=\"async\" width=\"1024\" height=\"682\" src=\"https:\/\/walnutbistro.com\/wp-content\/uploads\/2026\/02\/Walnut-007-1024x682.jpg\" alt=\"\" class=\"wp-image-146 size-full\" style=\"object-position:50% 50%\" srcset=\"https:\/\/walnutbistro.com\/wp-content\/uploads\/2026\/02\/Walnut-007-1024x682.jpg 1024w, https:\/\/walnutbistro.com\/wp-content\/uploads\/2026\/02\/Walnut-007-300x200.jpg 300w, https:\/\/walnutbistro.com\/wp-content\/uploads\/2026\/02\/Walnut-007-768x511.jpg 768w, https:\/\/walnutbistro.com\/wp-content\/uploads\/2026\/02\/Walnut-007-1536x1023.jpg 1536w, https:\/\/walnutbistro.com\/wp-content\/uploads\/2026\/02\/Walnut-007-2048x1364.jpg 2048w\" sizes=\"auto, (max-width: 1024px) 100vw, 1024px\" \/><\/figure><div class=\"wp-block-media-text__content\">\n<p style=\"font-size:13px\">Our restaurant has been serving customers since May 2019. &nbsp;<\/p>\n\n\n\n<p style=\"font-size:13px\">Here at the Walnut, we're committed to creating a warm and welcoming atmosphere, while offering dishes that celebrate seasonal ingredients, with a touch of our world food adventures.<\/p>\n<\/div><\/div>\n\n\n\n<div class=\"wp-block-media-text alignwide has-media-on-the-right is-stacked-on-mobile is-image-fill-element\" style=\"padding-right:0;padding-left:0;grid-template-columns:auto 44%\"><div class=\"wp-block-media-text__content\">\n<p style=\"font-size:0px\">Every Sunday, get ready for an extraordinary brunch and roast that will amaze you, as an alternative to our usual menu!<\/p>\n\n\n\n<p class=\"has-text-align-left\" style=\"padding-top:var(--wp--preset--spacing--50);padding-bottom:var(--wp--preset--spacing--50);font-size:13px\">And let's not forget our drinks selection! We concoct a delicious range of homemade and classic cocktails, as well as an exceptional variety of local wines to sip and savour.<\/p>\n\n\n\n<p style=\"font-size:13px\">We look forward to welcoming you very soon.<\/p>\n\n\n\n<p><\/p>\n\n\n\n<p><\/p>\n\n\n\n<p><\/p>\n\n\n\n<p><\/p>\n<\/div><figure class=\"wp-block-media-text__media\"><img loading=\"lazy\" decoding=\"async\" width=\"768\" height=\"1024\" src=\"https:\/\/walnutbistro.com\/wp-content\/uploads\/2026\/02\/IMG_2633-2-768x1024.jpg\" alt=\"\" class=\"wp-image-353 size-full\" style=\"object-position:56% 21%\" srcset=\"https:\/\/walnutbistro.com\/wp-content\/uploads\/2026\/02\/IMG_2633-2-768x1024.jpg 768w, https:\/\/walnutbistro.com\/wp-content\/uploads\/2026\/02\/IMG_2633-2-225x300.jpg 225w, https:\/\/walnutbistro.com\/wp-content\/uploads\/2026\/02\/IMG_2633-2-1152x1536.jpg 1152w, https:\/\/walnutbistro.com\/wp-content\/uploads\/2026\/02\/IMG_2633-2-1536x2048.jpg 1536w, https:\/\/walnutbistro.com\/wp-content\/uploads\/2026\/02\/IMG_2633-2-9x12.jpg 9w, https:\/\/walnutbistro.com\/wp-content\/uploads\/2026\/02\/IMG_2633-2-scaled.jpg 1920w\" sizes=\"auto, (max-width: 768px) 100vw, 768px\" \/><\/figure><\/div>\n\n\n\n<div class=\"wp-block-media-text alignwide is-stacked-on-mobile\" style=\"padding-right:var(--wp--preset--spacing--70);padding-left:var(--wp--preset--spacing--70)\"><figure class=\"wp-block-media-text__media\"><img loading=\"lazy\" decoding=\"async\" width=\"941\" height=\"1024\" src=\"https:\/\/walnutbistro.com\/wp-content\/uploads\/2026\/02\/IMG_2212-941x1024.jpg\" alt=\"\" class=\"wp-image-220 size-full\" srcset=\"https:\/\/walnutbistro.com\/wp-content\/uploads\/2026\/02\/IMG_2212-941x1024.jpg 941w, https:\/\/walnutbistro.com\/wp-content\/uploads\/2026\/02\/IMG_2212-276x300.jpg 276w, https:\/\/walnutbistro.com\/wp-content\/uploads\/2026\/02\/IMG_2212-768x836.jpg 768w, https:\/\/walnutbistro.com\/wp-content\/uploads\/2026\/02\/IMG_2212-1411x1536.jpg 1411w, https:\/\/walnutbistro.com\/wp-content\/uploads\/2026\/02\/IMG_2212-1881x2048.jpg 1881w, https:\/\/walnutbistro.com\/wp-content\/uploads\/2026\/02\/IMG_2212-11x12.jpg 11w\" sizes=\"auto, (max-width: 941px) 100vw, 941px\" \/><\/figure><div class=\"wp-block-media-text__content\">\n<p>We pride ourselves on creating seasonal menus. Prepared entirely on site, our dishes are influenced by our travels and adventures, with our own personal touch. You'll find dishes with international influences, blending Mediterranean, Middle Eastern, South American and Asian flavours. Enjoy a culinary adventure in the elegant and relaxed atmosphere of Walnut Bistro.<\/p>\n\n\n<style>.wp-block-kadence-advancedbtn.kb-btns15_7bd7f6-c3{gap:var(--global-kb-gap-xs, 0.5rem );justify-content:center;align-items:center;}.kt-btns15_7bd7f6-c3 .kt-button{font-weight:normal;font-style:normal;}.kt-btns15_7bd7f6-c3 .kt-btn-wrap-0{margin-right:5px;}.wp-block-kadence-advancedbtn.kt-btns15_7bd7f6-c3 .kt-btn-wrap-0 .kt-button{color:#555555;border-color:#555555;}.wp-block-kadence-advancedbtn.kt-btns15_7bd7f6-c3 .kt-btn-wrap-0 .kt-button:hover, .wp-block-kadence-advancedbtn.kt-btns15_7bd7f6-c3 .kt-btn-wrap-0 .kt-button:focus{color:#ffffff;border-color:#444444;}.wp-block-kadence-advancedbtn.kt-btns15_7bd7f6-c3 .kt-btn-wrap-0 .kt-button::before{display:none;}.wp-block-kadence-advancedbtn.kt-btns15_7bd7f6-c3 .kt-btn-wrap-0 .kt-button:hover, .wp-block-kadence-advancedbtn.kt-btns15_7bd7f6-c3 .kt-btn-wrap-0 .kt-button:focus{background:#444444;}<\/style>\n<div class=\"wp-block-kadence-advancedbtn kb-buttons-wrap kb-btns15_7bd7f6-c3\"><style>ul.menu .wp-block-kadence-advancedbtn .kb-btn15_ceb3f9-32.kb-button{width:initial;}.wp-block-kadence-advancedbtn .kb-btn15_ceb3f9-32.kb-button{color:rgb(217,210,197);background:rgb(99,13,22);}<\/style><a class=\"kb-button kt-button button kb-btn15_ceb3f9-32 kt-btn-size-standard kt-btn-width-type-auto kb-btn-global-inherit  kt-btn-has-text-true kt-btn-has-svg-false  wp-block-button__link wp-block-kadence-singlebtn\" href=\"https:\/\/walnutbistro.com\/en\/menu\/\"><span class=\"kt-btn-inner-text\">Our menus<\/span><\/a><\/div>\n<\/div><\/div>\n\n\n\n<div class=\"wp-block-media-text alignfull is-stacked-on-mobile is-vertically-aligned-center has-large-font-size\" style=\"padding-right:var(--wp--preset--spacing--30);padding-left:var(--wp--preset--spacing--30)\"><figure class=\"wp-block-media-text__media\"><img loading=\"lazy\" decoding=\"async\" width=\"1024\" height=\"576\" src=\"https:\/\/walnutbistro.com\/wp-content\/uploads\/2026\/02\/1F1A31E0-28EE-42B3-A80C-0DFE1B8EBB71-1024x576.png\" alt=\"\" class=\"wp-image-263 size-full\" srcset=\"https:\/\/walnutbistro.com\/wp-content\/uploads\/2026\/02\/1F1A31E0-28EE-42B3-A80C-0DFE1B8EBB71-1024x576.png 1024w, https:\/\/walnutbistro.com\/wp-content\/uploads\/2026\/02\/1F1A31E0-28EE-42B3-A80C-0DFE1B8EBB71-300x169.png 300w, https:\/\/walnutbistro.com\/wp-content\/uploads\/2026\/02\/1F1A31E0-28EE-42B3-A80C-0DFE1B8EBB71-768x432.png 768w, https:\/\/walnutbistro.com\/wp-content\/uploads\/2026\/02\/1F1A31E0-28EE-42B3-A80C-0DFE1B8EBB71-1536x864.png 1536w, https:\/\/walnutbistro.com\/wp-content\/uploads\/2026\/02\/1F1A31E0-28EE-42B3-A80C-0DFE1B8EBB71-2048x1153.png 2048w, https:\/\/walnutbistro.com\/wp-content\/uploads\/2026\/02\/1F1A31E0-28EE-42B3-A80C-0DFE1B8EBB71-18x10.png 18w\" sizes=\"auto, (max-width: 1024px) 100vw, 1024px\" \/><\/figure><div class=\"wp-block-media-text__content\">\n<p class=\"has-text-align-center\" style=\"font-size:13px\">Julian and Chelsea, the owners of Walnut Bistro and Suites, are delighted to welcome you. Chelsea manages the dining room, while chef Julian concocts delicious dishes in the kitchen. Of Danish and American descent, Julian draws his culinary inspiration from his travels around the world, fusing Mediterranean cuisine with other discovered influences. Chelsea will give you a warm welcome to the restaurant and will be happy to mix you a cocktail or two, or pour you a glass of wine, always with a smile. Follow us on social networks<\/p>\n\n\n\n<ul class=\"wp-block-social-links is-style-stripes is-content-justification-right is-layout-flex wp-container-core-social-links-is-layout-765c4724 wp-block-social-links-is-layout-flex\"><li class=\"wp-social-link wp-social-link-instagram  wp-block-social-link\"><a href=\"https:\/\/www.instagram.com\/walnutbistroetsuites\/\" class=\"wp-block-social-link-anchor\"><svg width=\"24\" height=\"24\" viewbox=\"0 0 24 24\" version=\"1.1\" xmlns=\"http:\/\/www.w3.org\/2000\/svg\" aria-hidden=\"true\" focusable=\"false\"><path d=\"M12,4.622c2.403,0,2.688,0.009,3.637,0.052c0.877,0.04,1.354,0.187,1.671,0.31c0.42,0.163,0.72,0.358,1.035,0.673 c0.315,0.315,0.51,0.615,0.673,1.035c0.123,0.317,0.27,0.794,0.31,1.671c0.043,0.949,0.052,1.234,0.052,3.637 s-0.009,2.688-0.052,3.637c-0.04,0.877-0.187,1.354-0.31,1.671c-0.163,0.42-0.358,0.72-0.673,1.035 c-0.315,0.315-0.615,0.51-1.035,0.673c-0.317,0.123-0.794,0.27-1.671,0.31c-0.949,0.043-1.233,0.052-3.637,0.052 s-2.688-0.009-3.637-0.052c-0.877-0.04-1.354-0.187-1.671-0.31c-0.42-0.163-0.72-0.358-1.035-0.673 c-0.315-0.315-0.51-0.615-0.673-1.035c-0.123-0.317-0.27-0.794-0.31-1.671C4.631,14.688,4.622,14.403,4.622,12 s0.009-2.688,0.052-3.637c0.04-0.877,0.187-1.354,0.31-1.671c0.163-0.42,0.358-0.72,0.673-1.035 c0.315-0.315,0.615-0.51,1.035-0.673c0.317-0.123,0.794-0.27,1.671-0.31C9.312,4.631,9.597,4.622,12,4.622 M12,3 C9.556,3,9.249,3.01,8.289,3.054C7.331,3.098,6.677,3.25,6.105,3.472C5.513,3.702,5.011,4.01,4.511,4.511 c-0.5,0.5-0.808,1.002-1.038,1.594C3.25,6.677,3.098,7.331,3.054,8.289C3.01,9.249,3,9.556,3,12c0,2.444,0.01,2.751,0.054,3.711 c0.044,0.958,0.196,1.612,0.418,2.185c0.23,0.592,0.538,1.094,1.038,1.594c0.5,0.5,1.002,0.808,1.594,1.038 c0.572,0.222,1.227,0.375,2.185,0.418C9.249,20.99,9.556,21,12,21s2.751-0.01,3.711-0.054c0.958-0.044,1.612-0.196,2.185-0.418 c0.592-0.23,1.094-0.538,1.594-1.038c0.5-0.5,0.808-1.002,1.038-1.594c0.222-0.572,0.375-1.227,0.418-2.185 C20.99,14.751,21,14.444,21,12s-0.01-2.751-0.054-3.711c-0.044-0.958-0.196-1.612-0.418-2.185c-0.23-0.592-0.538-1.094-1.038-1.594 c-0.5-0.5-1.002-0.808-1.594-1.038c-0.572-0.222-1.227-0.375-2.185-0.418C14.751,3.01,14.444,3,12,3L12,3z M12,7.378 c-2.552,0-4.622,2.069-4.622,4.622S9.448,16.622,12,16.622s4.622-2.069,4.622-4.622S14.552,7.378,12,7.378z M12,15 c-1.657,0-3-1.343-3-3s1.343-3,3-3s3,1.343,3,3S13.657,15,12,15z M16.804,6.116c-0.596,0-1.08,0.484-1.08,1.08 s0.484,1.08,1.08,1.08c0.596,0,1.08-0.484,1.08-1.08S17.401,6.116,16.804,6.116z\"><\/path><\/svg><span class=\"wp-block-social-link-label screen-reader-text\">Instagram<\/span><\/a><\/li>\n\n<li class=\"wp-social-link wp-social-link-facebook  wp-block-social-link\"><a href=\"https:\/\/www.facebook.com\/WalnutBistroEymet\" class=\"wp-block-social-link-anchor\"><svg width=\"24\" height=\"24\" viewbox=\"0 0 24 24\" version=\"1.1\" xmlns=\"http:\/\/www.w3.org\/2000\/svg\" aria-hidden=\"true\" focusable=\"false\"><path d=\"M12 2C6.5 2 2 6.5 2 12c0 5 3.7 9.1 8.4 9.9v-7H7.9V12h2.5V9.8c0-2.5 1.5-3.9 3.8-3.9 1.1 0 2.2.2 2.2.2v2.5h-1.3c-1.2 0-1.6.8-1.6 1.6V12h2.8l-.4 2.9h-2.3v7C18.3 21.1 22 17 22 12c0-5.5-4.5-10-10-10z\"><\/path><\/svg><span class=\"wp-block-social-link-label screen-reader-text\">Facebook<\/span><\/a><\/li><\/ul>\n<\/div><\/div>\n\n\n\n<div class=\"wp-block-group alignfull mb-0 mt-0 has-tertiary-background-color has-background\"><div class=\"wp-block-group__inner-container is-layout-flow wp-block-group-is-layout-flow\">\n<div class=\"wp-block-columns is-layout-flex wp-container-core-columns-is-layout-9d6595d7 wp-block-columns-is-layout-flex\">\n<div class=\"wp-block-column is-layout-flow wp-block-column-is-layout-flow\" style=\"flex-basis:18.44%\"><\/div>\n\n\n\n<div class=\"wp-block-column is-layout-flow wp-block-column-is-layout-flow\" style=\"flex-basis:66.56%\">\n<h3 class=\"wp-block-heading has-text-align-center\">#WhyNotWalnut<\/h3>\n\n\n\n<p class=\"has-text-align-center\">41 Boulevard National, 24500, Eymet<\/p>\n\n\n\n<div class=\"wp-block-button is-style-default aligncenter\"><a class=\"wp-block-button__link has-secondary-color has-primary-background-color has-text-color has-background has-link-color wp-element-button\" href=\"https:\/\/bookings.zenchef.com\/results?rid=352035\">Reservations<\/a><\/div>\n<\/div>\n\n\n\n<div class=\"wp-block-column is-layout-flow wp-block-column-is-layout-flow\" style=\"flex-basis:15%\"><\/div>\n<\/div>\n<\/div><\/div>\n\n\n<div class=\"wp-block-coblocks-shape-divider alignfull coblocks-shape-divider-8714192337 is-style-angled has-tertiary-color is-vertically-flipped is-horizontally-flipped mt-0 mb-0\" style=\"\" aria-hidden=\"true\">\n\t\t\t<div class=\"wp-block-coblocks-shape-divider__svg-wrapper\" style=\"height:100px;\">\n\t\t\t\t<svg class=\"divider--angled\" aria-hidden xmlns=\"http:\/\/www.w3.org\/2000\/svg\" viewbox=\"0 0 100 100\" preserveaspectratio=\"none\"><polygon points=\"0,100 100,0 100,100\" \/><\/svg>\n\t\t\t<\/div>\n\t\t\t<div class=\"wp-block-coblocks-shape-divider__alt-wrapper\" style=\"height:50px;\"><\/div>\n\t\t<\/div>","protected":false},"excerpt":{"rendered":"<p>Notre restaurant sert nos clients depuis mai 2019. &nbsp; Ici, au Walnut, nous nous engageons \u00e0 cr\u00e9er une atmosph\u00e8re chaleureuse et accueillante, tout en proposant des plats mettant \u00e0 l&rsquo;honneur les ingr\u00e9dients seasonal, agr\u00e9ment\u00e9s d&rsquo;une touche de nos aventures nos aventures culinaires du monde. Chaque dimanche, pr\u00e9parez-vous \u00e0 un brunch et un r\u00f4ti extraordinaires qui [&hellip;]<\/p>\n","protected":false},"author":0,"featured_media":0,"parent":0,"menu_order":0,"comment_status":"closed","ping_status":"closed","template":"","meta":{"_coblocks_attr":"","_coblocks_dimensions":"","_coblocks_responsive_height":"","_coblocks_accordion_ie_support":"","hide_page_title":"","footnotes":""},"class_list":["post-15","page","type-page","status-publish","hentry"],"_links":{"self":[{"href":"https:\/\/walnutbistro.com\/en\/wp-json\/wp\/v2\/pages\/15","targetHints":{"allow":["GET"]}}],"collection":[{"href":"https:\/\/walnutbistro.com\/en\/wp-json\/wp\/v2\/pages"}],"about":[{"href":"https:\/\/walnutbistro.com\/en\/wp-json\/wp\/v2\/types\/page"}],"replies":[{"embeddable":true,"href":"https:\/\/walnutbistro.com\/en\/wp-json\/wp\/v2\/comments?post=15"}],"version-history":[{"count":5,"href":"https:\/\/walnutbistro.com\/en\/wp-json\/wp\/v2\/pages\/15\/revisions"}],"predecessor-version":[{"id":370,"href":"https:\/\/walnutbistro.com\/en\/wp-json\/wp\/v2\/pages\/15\/revisions\/370"}],"wp:attachment":[{"href":"https:\/\/walnutbistro.com\/en\/wp-json\/wp\/v2\/media?parent=15"}],"curies":[{"name":"wp","href":"https:\/\/api.w.org\/{rel}","templated":true}]}}