{"id":16,"date":"2026-02-05T17:38:05","date_gmt":"2026-02-05T17:38:05","guid":{"rendered":"https:\/\/walnutbistro.com\/contact-page\/"},"modified":"2026-04-16T07:18:17","modified_gmt":"2026-04-16T07:18:17","slug":"contact-page","status":"publish","type":"page","link":"https:\/\/walnutbistro.com\/en\/contact-page\/","title":{"rendered":"Contact us"},"content":{"rendered":"\n<figure class=\"wp-block-image alignwide size-full is-style-default\"><img loading=\"lazy\" decoding=\"async\" width=\"2560\" height=\"1705\" src=\"https:\/\/walnutbistro.com\/wp-content\/uploads\/2026\/02\/Walnut-010-scaled.jpg\" alt=\"\" class=\"wp-image-188\" srcset=\"https:\/\/walnutbistro.com\/wp-content\/uploads\/2026\/02\/Walnut-010-scaled.jpg 2560w, https:\/\/walnutbistro.com\/wp-content\/uploads\/2026\/02\/Walnut-010-300x200.jpg 300w, https:\/\/walnutbistro.com\/wp-content\/uploads\/2026\/02\/Walnut-010-1024x682.jpg 1024w, https:\/\/walnutbistro.com\/wp-content\/uploads\/2026\/02\/Walnut-010-768x511.jpg 768w, https:\/\/walnutbistro.com\/wp-content\/uploads\/2026\/02\/Walnut-010-1536x1023.jpg 1536w, https:\/\/walnutbistro.com\/wp-content\/uploads\/2026\/02\/Walnut-010-2048x1364.jpg 2048w\" sizes=\"auto, (max-width: 2560px) 100vw, 2560px\" \/><\/figure>\n\n\n\n<h2 class=\"wp-block-heading has-text-align-center\">Get in touch&#8230;<\/h2>\n\n\n\n<p>Si vous souhaitez r\u00e9server une table ou une suite, veuillez utiliser le formulaire de r\u00e9servation du calendrier. Pour toute autre demande ou information compl\u00e9mentaire, veuillez nous envoyer un message via le formulaire ci-dessous. Vous pouvez \u00e9galement nous appeler au 0553240368<\/p>\n\n\n\n\t\t<div class=\"coblocks-form\" id=\"42036cbd84a0600bdf5c80282f04731b974f8694\">\n\n\t\t\t\n\t\t\t<form action=\"https:\/\/walnutbistro.com\/en\/contact-page\/#42036cbd84a0600bdf5c80282f04731b974f8694\" method=\"post\">\n\t\t\t\t\n<div class=\"wp-block-coblocks-form\"><label class=\"coblocks-label\">NOm<\/label>\n\t\t<input type=\"hidden\" name=\"field-nom[label]\" value=\"NOm\">\n\n\t\t\t\t<input type=\"hidden\" id=\"name-field-id\" name=\"name-field-id\" class=\"coblocks-name-field-id\" value=\"field-nom\" \/>\n\t\t\n\t\t<input type=\"text\" id=\"nom\" name=\"field-nom[value]\" class=\"coblocks-field coblocks-field--name\"  \/>\n\n\t\t\n\n<label class=\"coblocks-label\">Email <span class=\"required\">&#042;<\/span><\/label>\n\t\t<input type=\"hidden\" name=\"field-email[label]\" value=\"Email\">\n\n\t\t\n\t\t<input type=\"hidden\" id=\"email-field-id\" name=\"email-field-id\" class=\"coblocks-email-field-id\" value=\"field-email\" \/>\n\t\t<input type=\"email\" id=\"email\" aria-label=\"Email\" name=\"field-email[value]\" class=\"coblocks-field coblocks-field--email\" required \/>\n\n\t\t\n\n<label class=\"coblocks-label\">Message <span class=\"required\">&#042;<\/span><\/label>\n\t\t<input type=\"hidden\" name=\"field-message[label]\" value=\"Message\">\n\n\t\t\n\t\t<textarea name=\"field-message[value]\" aria-label=\"Message\" id=\"message\" class=\"coblocks-field coblocks-textarea\" rows=\"20\" required><\/textarea>\n\n\t\t\n\n\n\t\t<div class=\"coblocks-form__submit wp-block-button\">\n\t\t\t<button type=\"submit\" class=\"wp-block-button__link\" style=\"\">Contact Us<\/button>\n\t\t\t<input type=\"hidden\" id=\"form-submit\" name=\"form-submit\" value=\"720928b19c\" \/><input type=\"hidden\" name=\"_wp_http_referer\" value=\"\/en\/wp-json\/wp\/v2\/pages\/16\" \/>\t\t\t<input type=\"hidden\" name=\"action\" value=\"coblocks-form-submit\">\n\n\t\t\t\t\t<\/div>\n\n\t\t<\/div>\n\t\t\t\t<input class=\"coblocks-field verify\" aria-label=\"Enter your email address to verify\" type=\"email\" name=\"coblocks-verify-email\" autocomplete=\"off\" placeholder=\"Email\" tabindex=\"-1\">\n\t\t\t\t<input type=\"hidden\" name=\"form-hash\" value=\"42036cbd84a0600bdf5c80282f04731b974f8694\">\n\n\t\t\t\t\t\t\t<\/form>\n\n\t\t<\/div>\n\n\t\t","protected":false},"excerpt":{"rendered":"<p>Get in touch&#8230; Si vous souhaitez r\u00e9server une table ou une suite, veuillez utiliser le formulaire de r\u00e9servation du calendrier. Pour toute autre demande ou information compl\u00e9mentaire, veuillez nous envoyer un message via le formulaire ci-dessous. Vous pouvez \u00e9galement nous appeler au 0553240368<\/p>","protected":false},"author":0,"featured_media":0,"parent":0,"menu_order":0,"comment_status":"closed","ping_status":"closed","template":"","meta":{"_coblocks_attr":"","_coblocks_dimensions":"","_coblocks_responsive_height":"","_coblocks_accordion_ie_support":"","hide_page_title":"","footnotes":""},"class_list":["post-16","page","type-page","status-publish","hentry"],"_links":{"self":[{"href":"https:\/\/walnutbistro.com\/en\/wp-json\/wp\/v2\/pages\/16","targetHints":{"allow":["GET"]}}],"collection":[{"href":"https:\/\/walnutbistro.com\/en\/wp-json\/wp\/v2\/pages"}],"about":[{"href":"https:\/\/walnutbistro.com\/en\/wp-json\/wp\/v2\/types\/page"}],"replies":[{"embeddable":true,"href":"https:\/\/walnutbistro.com\/en\/wp-json\/wp\/v2\/comments?post=16"}],"version-history":[{"count":4,"href":"https:\/\/walnutbistro.com\/en\/wp-json\/wp\/v2\/pages\/16\/revisions"}],"predecessor-version":[{"id":405,"href":"https:\/\/walnutbistro.com\/en\/wp-json\/wp\/v2\/pages\/16\/revisions\/405"}],"wp:attachment":[{"href":"https:\/\/walnutbistro.com\/en\/wp-json\/wp\/v2\/media?parent=16"}],"curies":[{"name":"wp","href":"https:\/\/api.w.org\/{rel}","templated":true}]}}