{"id":241,"date":"2026-02-06T16:52:30","date_gmt":"2026-02-06T16:52:30","guid":{"rendered":"https:\/\/walnutbistro.com\/?page_id=241"},"modified":"2026-02-16T08:56:46","modified_gmt":"2026-02-16T08:56:46","slug":"azul","status":"publish","type":"page","link":"https:\/\/walnutbistro.com\/en\/azul\/","title":{"rendered":"Suite Azul"},"content":{"rendered":"<figure class=\"wp-block-image alignfull size-large size-full is-style-top-wave\"><img loading=\"lazy\" decoding=\"async\" width=\"1024\" height=\"682\" src=\"https:\/\/walnutbistro.com\/wp-content\/uploads\/2026\/02\/Walnut-Gites-025-1024x682.jpg\" alt=\"\" class=\"wp-image-149\" srcset=\"https:\/\/walnutbistro.com\/wp-content\/uploads\/2026\/02\/Walnut-Gites-025-1024x682.jpg 1024w, https:\/\/walnutbistro.com\/wp-content\/uploads\/2026\/02\/Walnut-Gites-025-300x200.jpg 300w, https:\/\/walnutbistro.com\/wp-content\/uploads\/2026\/02\/Walnut-Gites-025-768x511.jpg 768w, https:\/\/walnutbistro.com\/wp-content\/uploads\/2026\/02\/Walnut-Gites-025-1536x1023.jpg 1536w, https:\/\/walnutbistro.com\/wp-content\/uploads\/2026\/02\/Walnut-Gites-025-2048x1364.jpg 2048w\" sizes=\"auto, (max-width: 1024px) 100vw, 1024px\" \/><\/figure>\n\n\n\n<h2 class=\"wp-block-heading\">Luxurious comfort in blue tones, for absolute relaxation<\/h2>\n\n\n\n<div class=\"wp-block-button\"><a class=\"wp-block-button__link has-quaternary-background-color has-text-color has-background has-link-color wp-element-button\" href=\"https:\/\/secure.reservit.com\/engine\/booking\/2\/468680\/dates?langcode=FR\" style=\"border-top-left-radius:45px;border-top-right-radius:45px;border-bottom-left-radius:45px;border-bottom-right-radius:45px;color:#3474ebcf\">Reserve Azul<\/a><\/div>\n\n\n<div class=\"wp-block-coblocks-shape-divider alignfull coblocks-shape-divider-8714192337 mb-0 is-style-waves is-horizontally-flipped mb-0\" style=\"color: #02558e;\" aria-hidden=\"true\">\n\t\t\t<div class=\"wp-block-coblocks-shape-divider__svg-wrapper\" style=\"height:100px;\">\n\t\t\t\t<svg class=\"divider--waves\" fill=\"\" xmlns=\"http:\/\/www.w3.org\/2000\/svg\" viewbox=\"0 0 1000 300\" preserveaspectratio=\"none\"><path d=\"M 1000 299 l 2 -279 c -155 -36 -310 135 -415 164 c -102.64 28.35 -149 -32 -232 -31 c -80 1 -142 53 -229 80 c -65.54 20.34 -101 15 -126 11.61 v 54.39 z\"><\/path><path d=\"M 1000 286 l 2 -252 c -157 -43 -302 144 -405 178 c -101.11 33.38 -159 -47 -242 -46 c -80 1 -145.09 54.07 -229 87 c -65.21 25.59 -104.07 16.72 -126 10.61 v 22.39 z\"><\/path><path d=\"M 1000 300 l 1 -230.29 c -217 -12.71 -300.47 129.15 -404 156.29 c -103 27 -174 -30 -257 -29 c -80 1 -130.09 37.07 -214 70 c -61.23 24 -108 15.61 -126 10.61 v 22.39 z\"><\/path><\/svg>\n\t\t\t<\/div>\n\t\t\t<div class=\"wp-block-coblocks-shape-divider__alt-wrapper\" style=\"height:50px;\"><\/div>\n\t\t<\/div>\n\n\n<div class=\"wp-block-group alignfull mb-0 mt-0\"><div class=\"wp-block-group__inner-container is-layout-flow wp-block-group-is-layout-flow\">\n<p>Enter a haven of <strong>modern comfort<\/strong>, Every detail has been thought through with precision and care. The bedroom welcomes you in a soothing palette of blue tones, an invitation to peace and quiet. At the centre of the room is a <strong>large bed<\/strong>, The bed's simplicity is sublimated by an undeniable luxury, inviting you to relax and let go. The simplicity of the bed is enhanced by undeniable luxury, inviting you to relax and let go.<\/p>\n\n\n\n<p>Beyond the sleeping area, you'll find a comfortable sofa and TV area, perfect for those peaceful afternoons when relaxation is the only watchword. The contemporary design of this space ensures that every moment spent here is both natural and refined.<\/p>\n\n\n\n<p>For those who would like to try their hand at cooking, a <strong>kitchenette<\/strong> is at your disposal. It is equipped to prepare small meals, allowing you to savour the pleasure of cooking a special dish, should you prefer to dine in rather than indulge in the exquisite delicacies of the bistro just below. To make your stay complete, fluffy towels and <strong>bathrobes<\/strong>, carefully selected, await you. This room is not just a place to rest; it's a veritable oasis where modern comfort meets understated elegance, offering a luxurious haven where you can feel at home, even for a short while.<\/p>\n<\/div><\/div>\n\n\n<div class=\"wp-block-coblocks-shape-divider alignfull coblocks-shape-divider-8714192337 mb-0 mt-0 is-style-waves is-vertically-flipped mt-0 mb-0\" style=\"color: #126b98;\" aria-hidden=\"true\">\n\t\t\t<div class=\"wp-block-coblocks-shape-divider__svg-wrapper\" style=\"height:100px;\">\n\t\t\t\t<svg class=\"divider--waves\" fill=\"\" xmlns=\"http:\/\/www.w3.org\/2000\/svg\" viewbox=\"0 0 1000 300\" preserveaspectratio=\"none\"><path d=\"M 1000 299 l 2 -279 c -155 -36 -310 135 -415 164 c -102.64 28.35 -149 -32 -232 -31 c -80 1 -142 53 -229 80 c -65.54 20.34 -101 15 -126 11.61 v 54.39 z\"><\/path><path d=\"M 1000 286 l 2 -252 c -157 -43 -302 144 -405 178 c -101.11 33.38 -159 -47 -242 -46 c -80 1 -145.09 54.07 -229 87 c -65.21 25.59 -104.07 16.72 -126 10.61 v 22.39 z\"><\/path><path d=\"M 1000 300 l 1 -230.29 c -217 -12.71 -300.47 129.15 -404 156.29 c -103 27 -174 -30 -257 -29 c -80 1 -130.09 37.07 -214 70 c -61.23 24 -108 15.61 -126 10.61 v 22.39 z\"><\/path><\/svg>\n\t\t\t<\/div>\n\t\t\t<div class=\"wp-block-coblocks-shape-divider__alt-wrapper\" style=\"height:50px;\"><\/div>\n\t\t<\/div>\n\n\n<div class=\"wp-block-coblocks-services alignwide is-style-square\"><div class=\"is-style-square has-columns has-3-columns has-responsive-columns has-medium-gutter\">\n<div class=\"wp-block-coblocks-service\"><figure class=\"wp-block-coblocks-service__figure\"><img decoding=\"async\" src=\"https:\/\/walnutbistro.com\/wp-content\/uploads\/2026\/02\/Walnut-Gites-021-1-scaled.jpg\" alt=\"\"\/><\/figure><div class=\"wp-block-coblocks-service__content\">\n<h3 class=\"wp-block-heading\">Bed<\/h3>\n\n\n\n<p class=\"has-text-align-center\">180 x 200 cm bed with luxury cotton sheets and two types of pillow to suit all needs.<\/p>\n<\/div><\/div>\n\n\n\n<div class=\"wp-block-coblocks-service\"><figure class=\"wp-block-coblocks-service__figure\"><img decoding=\"async\" src=\"https:\/\/walnutbistro.com\/wp-content\/uploads\/2026\/02\/Walnut-Gites-030-scaled.jpg\" alt=\"\"\/><\/figure><div class=\"wp-block-coblocks-service__content\">\n<h3 class=\"wp-block-heading\">Bathroom<\/h3>\n\n\n\n<p class=\"has-text-align-center\">Two washbasins with luxury soap, shampoo and conditioner. Luxury bathrobes and towels: everything you need.<\/p>\n<\/div><\/div>\n\n\n\n<div class=\"wp-block-coblocks-service\"><figure class=\"wp-block-coblocks-service__figure\"><img decoding=\"async\" src=\"https:\/\/walnutbistro.com\/wp-content\/uploads\/2026\/02\/Walnut-Gites-025-scaled.jpg\" alt=\"\"\/><\/figure><div class=\"wp-block-coblocks-service__content\">\n<h3 class=\"wp-block-heading\">Television<\/h3>\n\n\n\n<p class=\"has-text-align-center\">A TV corner for relaxing in the afternoon, with a smart TV and a sofa that converts into a bed<\/p>\n<\/div><\/div>\n<\/div><\/div>\n\n\n<style>.kb-gallery-id-241_c4e802-5f .kadence-blocks-gallery-item .kb-gal-image-radius, .kb-gallery-id-241_c4e802-5f .kb-slide-item .kb-gal-image-radius img{border-radius:0px 0px 0px 0px;;}.kb-gallery-wrap-id-241_c4e802-5f.wp-block-kadence-advancedgallery{overflow:visible;}.kb-gallery-wrap-id-241_c4e802-5f.wp-block-kadence-advancedgallery .kt-blocks-carousel{overflow:visible;}<\/style><div class=\"kb-gallery-wrap-id-241_c4e802-5f alignnone wp-block-kadence-advancedgallery\"><div class=\"kb-gallery-ul kb-gallery-non-static kb-gallery-type-slider kb-gallery-id-241_c4e802-5f kb-gallery-caption-style-bottom-hover kb-gallery-filter-none\" data-image-filter=\"none\" data-lightbox-caption=\"true\"><div class=\"kt-blocks-carousel splide kt-carousel-container-dotstyle-dark kt-carousel-arrowstyle-whiteondark kt-carousel-dotstyle-dark kb-slider-group-arrow kb-slider-arrow-position-center\" data-slider-anim-speed=\"400\" data-slider-scroll=\"1\" data-slider-arrows=\"true\" data-slider-fade=\"true\" data-slider-dots=\"true\" data-slider-type=\"slider\" data-slider-hover-pause=\"false\" data-slider-auto=\"1\" data-slider-speed=\"7000\" data-show-pause-button=\"false\"><div class=\"splide__track\"><ul class=\"kt-blocks-carousel-init kb-blocks-slider splide__list\"><li class=\"kb-slide-item kb-gallery-slide-item splide__slide\"><div class=\"kadence-blocks-gallery-item\"><div class=\"kadence-blocks-gallery-item-inner\"><figure class=\"kb-gallery-figure kadence-blocks-gallery-item-hide-caption\"><div class=\"kb-gal-image-radius\"><div class=\"kb-gallery-image-contain kadence-blocks-gallery-intrinsic kb-gallery-image-ratio-land32 kb-has-image-ratio-land32\" ><img loading=\"lazy\" decoding=\"async\" src=\"https:\/\/walnutbistro.com\/wp-content\/uploads\/2026\/02\/Walnut-Gites-021-1-1024x682.jpg\" width=\"660\" height=\"440\" alt=\"\" data-full-image=\"https:\/\/walnutbistro.com\/wp-content\/uploads\/2026\/02\/Walnut-Gites-021-1-scaled.jpg\" data-light-image=\"https:\/\/walnutbistro.com\/wp-content\/uploads\/2026\/02\/Walnut-Gites-021-1-scaled.jpg\" data-id=\"162\" class=\"wp-image-162 skip-lazy\" srcset=\"https:\/\/walnutbistro.com\/wp-content\/uploads\/2026\/02\/Walnut-Gites-021-1-1024x682.jpg 1024w, https:\/\/walnutbistro.com\/wp-content\/uploads\/2026\/02\/Walnut-Gites-021-1-300x200.jpg 300w, https:\/\/walnutbistro.com\/wp-content\/uploads\/2026\/02\/Walnut-Gites-021-1-768x511.jpg 768w, https:\/\/walnutbistro.com\/wp-content\/uploads\/2026\/02\/Walnut-Gites-021-1-1536x1023.jpg 1536w, https:\/\/walnutbistro.com\/wp-content\/uploads\/2026\/02\/Walnut-Gites-021-1-2048x1364.jpg 2048w\" sizes=\"auto, (max-width: 660px) 100vw, 660px\" \/><\/div><\/div><\/figure><\/div><\/div><\/li><li class=\"kb-slide-item kb-gallery-slide-item splide__slide\"><div class=\"kadence-blocks-gallery-item\"><div class=\"kadence-blocks-gallery-item-inner\"><figure class=\"kb-gallery-figure kadence-blocks-gallery-item-hide-caption\"><div class=\"kb-gal-image-radius\"><div class=\"kb-gallery-image-contain kadence-blocks-gallery-intrinsic kb-gallery-image-ratio-land32 kb-has-image-ratio-land32\" ><img loading=\"lazy\" decoding=\"async\" src=\"https:\/\/walnutbistro.com\/wp-content\/uploads\/2026\/02\/Walnut-Gites-024-1024x682.jpg\" width=\"660\" height=\"440\" alt=\"\" data-full-image=\"https:\/\/walnutbistro.com\/wp-content\/uploads\/2026\/02\/Walnut-Gites-024-scaled.jpg\" data-light-image=\"https:\/\/walnutbistro.com\/wp-content\/uploads\/2026\/02\/Walnut-Gites-024-scaled.jpg\" data-id=\"163\" class=\"wp-image-163 skip-lazy\" srcset=\"https:\/\/walnutbistro.com\/wp-content\/uploads\/2026\/02\/Walnut-Gites-024-1024x682.jpg 1024w, https:\/\/walnutbistro.com\/wp-content\/uploads\/2026\/02\/Walnut-Gites-024-300x200.jpg 300w, https:\/\/walnutbistro.com\/wp-content\/uploads\/2026\/02\/Walnut-Gites-024-768x511.jpg 768w, https:\/\/walnutbistro.com\/wp-content\/uploads\/2026\/02\/Walnut-Gites-024-1536x1023.jpg 1536w, https:\/\/walnutbistro.com\/wp-content\/uploads\/2026\/02\/Walnut-Gites-024-2048x1364.jpg 2048w\" sizes=\"auto, (max-width: 660px) 100vw, 660px\" \/><\/div><\/div><\/figure><\/div><\/div><\/li><li class=\"kb-slide-item kb-gallery-slide-item splide__slide\"><div class=\"kadence-blocks-gallery-item\"><div class=\"kadence-blocks-gallery-item-inner\"><figure class=\"kb-gallery-figure kadence-blocks-gallery-item-hide-caption\"><div class=\"kb-gal-image-radius\"><div class=\"kb-gallery-image-contain kadence-blocks-gallery-intrinsic kb-gallery-image-ratio-land32 kb-has-image-ratio-land32\" ><img loading=\"lazy\" decoding=\"async\" src=\"https:\/\/walnutbistro.com\/wp-content\/uploads\/2026\/02\/Walnut-Gites-026-1024x682.jpg\" width=\"660\" height=\"440\" alt=\"\" data-full-image=\"https:\/\/walnutbistro.com\/wp-content\/uploads\/2026\/02\/Walnut-Gites-026-scaled.jpg\" data-light-image=\"https:\/\/walnutbistro.com\/wp-content\/uploads\/2026\/02\/Walnut-Gites-026-scaled.jpg\" data-id=\"157\" class=\"wp-image-157 skip-lazy\" srcset=\"https:\/\/walnutbistro.com\/wp-content\/uploads\/2026\/02\/Walnut-Gites-026-1024x682.jpg 1024w, https:\/\/walnutbistro.com\/wp-content\/uploads\/2026\/02\/Walnut-Gites-026-300x200.jpg 300w, https:\/\/walnutbistro.com\/wp-content\/uploads\/2026\/02\/Walnut-Gites-026-768x511.jpg 768w, https:\/\/walnutbistro.com\/wp-content\/uploads\/2026\/02\/Walnut-Gites-026-1536x1023.jpg 1536w, https:\/\/walnutbistro.com\/wp-content\/uploads\/2026\/02\/Walnut-Gites-026-2048x1364.jpg 2048w\" sizes=\"auto, (max-width: 660px) 100vw, 660px\" \/><\/div><\/div><\/figure><\/div><\/div><\/li><li class=\"kb-slide-item kb-gallery-slide-item splide__slide\"><div class=\"kadence-blocks-gallery-item\"><div class=\"kadence-blocks-gallery-item-inner\"><figure class=\"kb-gallery-figure kadence-blocks-gallery-item-hide-caption\"><div class=\"kb-gal-image-radius\"><div class=\"kb-gallery-image-contain kadence-blocks-gallery-intrinsic kb-gallery-image-ratio-land32 kb-has-image-ratio-land32\" ><img loading=\"lazy\" decoding=\"async\" src=\"https:\/\/walnutbistro.com\/wp-content\/uploads\/2026\/02\/Walnut-Gites-047-1024x682.jpg\" width=\"660\" height=\"440\" alt=\"\" data-full-image=\"https:\/\/walnutbistro.com\/wp-content\/uploads\/2026\/02\/Walnut-Gites-047-scaled.jpg\" data-light-image=\"https:\/\/walnutbistro.com\/wp-content\/uploads\/2026\/02\/Walnut-Gites-047-scaled.jpg\" data-id=\"156\" class=\"wp-image-156 skip-lazy\" srcset=\"https:\/\/walnutbistro.com\/wp-content\/uploads\/2026\/02\/Walnut-Gites-047-1024x682.jpg 1024w, https:\/\/walnutbistro.com\/wp-content\/uploads\/2026\/02\/Walnut-Gites-047-300x200.jpg 300w, https:\/\/walnutbistro.com\/wp-content\/uploads\/2026\/02\/Walnut-Gites-047-768x511.jpg 768w, https:\/\/walnutbistro.com\/wp-content\/uploads\/2026\/02\/Walnut-Gites-047-1536x1023.jpg 1536w, https:\/\/walnutbistro.com\/wp-content\/uploads\/2026\/02\/Walnut-Gites-047-2048x1364.jpg 2048w\" sizes=\"auto, (max-width: 660px) 100vw, 660px\" \/><\/div><\/div><\/figure><\/div><\/div><\/li><li class=\"kb-slide-item kb-gallery-slide-item splide__slide\"><div class=\"kadence-blocks-gallery-item\"><div class=\"kadence-blocks-gallery-item-inner\"><figure class=\"kb-gallery-figure kadence-blocks-gallery-item-hide-caption\"><div class=\"kb-gal-image-radius\"><div class=\"kb-gallery-image-contain kadence-blocks-gallery-intrinsic kb-gallery-image-ratio-land32 kb-has-image-ratio-land32\" ><img loading=\"lazy\" decoding=\"async\" src=\"https:\/\/walnutbistro.com\/wp-content\/uploads\/2026\/02\/Walnut-Gites-025-1024x682.jpg\" width=\"660\" height=\"440\" alt=\"\" data-full-image=\"https:\/\/walnutbistro.com\/wp-content\/uploads\/2026\/02\/Walnut-Gites-025-scaled.jpg\" data-light-image=\"https:\/\/walnutbistro.com\/wp-content\/uploads\/2026\/02\/Walnut-Gites-025-scaled.jpg\" data-id=\"149\" class=\"wp-image-149 skip-lazy\" srcset=\"https:\/\/walnutbistro.com\/wp-content\/uploads\/2026\/02\/Walnut-Gites-025-1024x682.jpg 1024w, https:\/\/walnutbistro.com\/wp-content\/uploads\/2026\/02\/Walnut-Gites-025-300x200.jpg 300w, https:\/\/walnutbistro.com\/wp-content\/uploads\/2026\/02\/Walnut-Gites-025-768x511.jpg 768w, https:\/\/walnutbistro.com\/wp-content\/uploads\/2026\/02\/Walnut-Gites-025-1536x1023.jpg 1536w, https:\/\/walnutbistro.com\/wp-content\/uploads\/2026\/02\/Walnut-Gites-025-2048x1364.jpg 2048w\" sizes=\"auto, (max-width: 660px) 100vw, 660px\" \/><\/div><\/div><\/figure><\/div><\/div><\/li><\/ul><\/div><\/div><\/div><\/div>\n\n<style>.kb-row-layout-id241_899d08-c2 > .kt-row-column-wrap{align-content:start;}:where(.kb-row-layout-id241_899d08-c2 > .kt-row-column-wrap) > .wp-block-kadence-column{justify-content:start;}.kb-row-layout-id241_899d08-c2 > .kt-row-column-wrap{column-gap:var(--global-kb-gap-md, 2rem);row-gap:var(--global-kb-gap-md, 2rem);padding-top:var(--global-kb-spacing-sm, 1.5rem);padding-bottom:var(--global-kb-spacing-sm, 1.5rem);}.kb-row-layout-id241_899d08-c2 > .kt-row-column-wrap > div:not(.added-for-specificity){grid-column:initial;}.kb-row-layout-id241_899d08-c2 > .kt-row-column-wrap{grid-template-columns:minmax(0, 1fr) minmax(0, 2fr) minmax(0, 1fr);}.kb-row-layout-id241_899d08-c2 > .kt-row-layout-overlay{opacity:0.30;}@media all and (max-width: 1024px){.kb-row-layout-id241_899d08-c2 > .kt-row-column-wrap > div:not(.added-for-specificity){grid-column:initial;}}@media all and (max-width: 1024px){.kb-row-layout-id241_899d08-c2 > .kt-row-column-wrap{grid-template-columns:minmax(0, 1fr) minmax(0, 2fr) minmax(0, 1fr);}}@media all and (max-width: 767px){.kb-row-layout-id241_899d08-c2 > .kt-row-column-wrap > div:not(.added-for-specificity){grid-column:initial;}.kb-row-layout-id241_899d08-c2 > .kt-row-column-wrap{grid-template-columns:minmax(0, 1fr);}}<\/style><div class=\"kb-row-layout-wrap kb-row-layout-id241_899d08-c2 alignnone wp-block-kadence-rowlayout\"><div class=\"kt-row-column-wrap kt-has-3-columns kt-row-layout-center-half kt-tab-layout-inherit kt-mobile-layout-row kt-row-valign-top\">\n<style>.kadence-column241_0b0b9f-89 > .kt-inside-inner-col,.kadence-column241_0b0b9f-89 > .kt-inside-inner-col:before{border-top-left-radius:0px;border-top-right-radius:0px;border-bottom-right-radius:0px;border-bottom-left-radius:0px;}.kadence-column241_0b0b9f-89 > .kt-inside-inner-col{column-gap:var(--global-kb-gap-sm, 1rem);}.kadence-column241_0b0b9f-89 > .kt-inside-inner-col{flex-direction:column;}.kadence-column241_0b0b9f-89 > .kt-inside-inner-col > .aligncenter{width:100%;}.kadence-column241_0b0b9f-89 > .kt-inside-inner-col:before{opacity:0.3;}.kadence-column241_0b0b9f-89{position:relative;}@media all and (max-width: 1024px){.kadence-column241_0b0b9f-89 > .kt-inside-inner-col{flex-direction:column;justify-content:center;}}@media all and (max-width: 767px){.kadence-column241_0b0b9f-89 > .kt-inside-inner-col{flex-direction:column;justify-content:center;}}<\/style>\n<div class=\"wp-block-kadence-column kadence-column241_0b0b9f-89\"><div class=\"kt-inside-inner-col\"><\/div><\/div>\n\n\n<style>.kadence-column241_563010-12 > .kt-inside-inner-col,.kadence-column241_563010-12 > .kt-inside-inner-col:before{border-top-left-radius:0px;border-top-right-radius:0px;border-bottom-right-radius:0px;border-bottom-left-radius:0px;}.kadence-column241_563010-12 > .kt-inside-inner-col{column-gap:var(--global-kb-gap-sm, 1rem);}.kadence-column241_563010-12 > .kt-inside-inner-col{flex-direction:column;}.kadence-column241_563010-12 > .kt-inside-inner-col > .aligncenter{width:100%;}.kadence-column241_563010-12 > .kt-inside-inner-col:before{opacity:0.3;}.kadence-column241_563010-12{position:relative;}@media all and (max-width: 1024px){.kadence-column241_563010-12 > .kt-inside-inner-col{flex-direction:column;justify-content:center;}}@media all and (max-width: 767px){.kadence-column241_563010-12 > .kt-inside-inner-col{flex-direction:column;justify-content:center;}}<\/style>\n<div class=\"wp-block-kadence-column kadence-column241_563010-12\"><div class=\"kt-inside-inner-col\"><style>.wp-block-kadence-advancedbtn.kb-btns241_8d9921-ea{gap:var(--global-kb-gap-xs, 0.5rem );justify-content:center;align-items:center;}.kt-btns241_8d9921-ea .kt-button{font-weight:normal;font-style:normal;}.kt-btns241_8d9921-ea .kt-btn-wrap-0{margin-right:5px;}.wp-block-kadence-advancedbtn.kt-btns241_8d9921-ea .kt-btn-wrap-0 .kt-button{color:#555555;border-color:#555555;}.wp-block-kadence-advancedbtn.kt-btns241_8d9921-ea .kt-btn-wrap-0 .kt-button:hover, .wp-block-kadence-advancedbtn.kt-btns241_8d9921-ea .kt-btn-wrap-0 .kt-button:focus{color:#ffffff;border-color:#444444;}.wp-block-kadence-advancedbtn.kt-btns241_8d9921-ea .kt-btn-wrap-0 .kt-button::before{display:none;}.wp-block-kadence-advancedbtn.kt-btns241_8d9921-ea .kt-btn-wrap-0 .kt-button:hover, .wp-block-kadence-advancedbtn.kt-btns241_8d9921-ea .kt-btn-wrap-0 .kt-button:focus{background:#444444;}<\/style>\n<div class=\"wp-block-kadence-advancedbtn kb-buttons-wrap kb-btns241_8d9921-ea\"><a class=\"kb-button kt-button button kb-btn241_befaca-c4 kt-btn-size-standard kt-btn-width-type-fixed kb-btn-global-inherit  kt-btn-has-text-true kt-btn-has-svg-false  wp-block-button__link wp-block-kadence-singlebtn\" href=\"https:\/\/secure.reservit.com\/engine\/booking\/2\/468680\/dates?langcode=FR\"><span class=\"kt-btn-inner-text\">R\u00e9servez maintenant<\/span><\/a><\/div>\n<\/div><\/div>\n\n\n<style>.kadence-column241_7c787b-18 > .kt-inside-inner-col,.kadence-column241_7c787b-18 > .kt-inside-inner-col:before{border-top-left-radius:0px;border-top-right-radius:0px;border-bottom-right-radius:0px;border-bottom-left-radius:0px;}.kadence-column241_7c787b-18 > .kt-inside-inner-col{column-gap:var(--global-kb-gap-sm, 1rem);}.kadence-column241_7c787b-18 > .kt-inside-inner-col{flex-direction:column;}.kadence-column241_7c787b-18 > .kt-inside-inner-col > .aligncenter{width:100%;}.kadence-column241_7c787b-18 > .kt-inside-inner-col:before{opacity:0.3;}.kadence-column241_7c787b-18{position:relative;}@media all and (max-width: 1024px){.kadence-column241_7c787b-18 > .kt-inside-inner-col{flex-direction:column;justify-content:center;}}@media all and (max-width: 767px){.kadence-column241_7c787b-18 > .kt-inside-inner-col{flex-direction:column;justify-content:center;}}<\/style>\n<div class=\"wp-block-kadence-column kadence-column241_7c787b-18\"><div class=\"kt-inside-inner-col\"><\/div><\/div>\n\n<\/div><\/div>\n\n\n<p><\/p>","protected":false},"excerpt":{"rendered":"<p>Un confort luxueux aux tons bleus, pour une d\u00e9tente absolue P\u00e9n\u00e9trez dans un havre de confort moderne, o\u00f9 chaque d\u00e9tail est pens\u00e9 avec pr\u00e9cision et soin. La chambre vous accueille dans une palette apaisante de tons bleus, invitant \u00e0 la tranquillit\u00e9 et au calme. Au centre de l&rsquo;espace tr\u00f4ne un grand lit, par\u00e9 de draps [&hellip;]<\/p>\n","protected":false},"author":1,"featured_media":0,"parent":0,"menu_order":0,"comment_status":"closed","ping_status":"closed","template":"","meta":{"_coblocks_attr":"","_coblocks_dimensions":"","_coblocks_responsive_height":"","_coblocks_accordion_ie_support":"","hide_page_title":"","footnotes":""},"class_list":["post-241","page","type-page","status-publish","hentry"],"_links":{"self":[{"href":"https:\/\/walnutbistro.com\/en\/wp-json\/wp\/v2\/pages\/241","targetHints":{"allow":["GET"]}}],"collection":[{"href":"https:\/\/walnutbistro.com\/en\/wp-json\/wp\/v2\/pages"}],"about":[{"href":"https:\/\/walnutbistro.com\/en\/wp-json\/wp\/v2\/types\/page"}],"author":[{"embeddable":true,"href":"https:\/\/walnutbistro.com\/en\/wp-json\/wp\/v2\/users\/1"}],"replies":[{"embeddable":true,"href":"https:\/\/walnutbistro.com\/en\/wp-json\/wp\/v2\/comments?post=241"}],"version-history":[{"count":5,"href":"https:\/\/walnutbistro.com\/en\/wp-json\/wp\/v2\/pages\/241\/revisions"}],"predecessor-version":[{"id":387,"href":"https:\/\/walnutbistro.com\/en\/wp-json\/wp\/v2\/pages\/241\/revisions\/387"}],"wp:attachment":[{"href":"https:\/\/walnutbistro.com\/en\/wp-json\/wp\/v2\/media?parent=241"}],"curies":[{"name":"wp","href":"https:\/\/api.w.org\/{rel}","templated":true}]}}