{"id":256,"date":"2026-02-06T17:28:51","date_gmt":"2026-02-06T17:28:51","guid":{"rendered":"https:\/\/walnutbistro.com\/?page_id=256"},"modified":"2026-02-21T22:32:04","modified_gmt":"2026-02-21T22:32:04","slug":"suite-walnut","status":"publish","type":"page","link":"https:\/\/walnutbistro.com\/en\/suite-walnut\/","title":{"rendered":"Walnut Suite"},"content":{"rendered":"<figure class=\"wp-block-image alignfull size-large size-full is-style-default\"><img loading=\"lazy\" decoding=\"async\" width=\"1024\" height=\"682\" src=\"https:\/\/walnutbistro.com\/wp-content\/uploads\/2026\/02\/Walnut-Gites-004-1024x682.jpg\" alt=\"\" class=\"wp-image-168\" srcset=\"https:\/\/walnutbistro.com\/wp-content\/uploads\/2026\/02\/Walnut-Gites-004-1024x682.jpg 1024w, https:\/\/walnutbistro.com\/wp-content\/uploads\/2026\/02\/Walnut-Gites-004-300x200.jpg 300w, https:\/\/walnutbistro.com\/wp-content\/uploads\/2026\/02\/Walnut-Gites-004-768x511.jpg 768w, https:\/\/walnutbistro.com\/wp-content\/uploads\/2026\/02\/Walnut-Gites-004-1536x1023.jpg 1536w, https:\/\/walnutbistro.com\/wp-content\/uploads\/2026\/02\/Walnut-Gites-004-2048x1364.jpg 2048w\" sizes=\"auto, (max-width: 1024px) 100vw, 1024px\" \/><\/figure>\n\n\n\n<h2 class=\"wp-block-heading\">Design contemporain et confort relaxant, d\u00e9couvrez notre suite la plus intime<\/h2>\n\n\n<style>.kb-row-layout-id256_d2c695-fb > .kt-row-column-wrap{align-content:start;}:where(.kb-row-layout-id256_d2c695-fb > .kt-row-column-wrap) > .wp-block-kadence-column{justify-content:start;}.kb-row-layout-id256_d2c695-fb > .kt-row-column-wrap{column-gap:var(--global-kb-gap-md, 2rem);row-gap:var(--global-kb-gap-md, 2rem);padding-top:var(--global-kb-spacing-sm, 1.5rem);padding-bottom:var(--global-kb-spacing-sm, 1.5rem);}.kb-row-layout-id256_d2c695-fb > .kt-row-column-wrap > div:not(.added-for-specificity){grid-column:initial;}.kb-row-layout-id256_d2c695-fb > .kt-row-column-wrap{grid-template-columns:minmax(0, 1fr) minmax(0, 2fr) minmax(0, 1fr);}.kb-row-layout-id256_d2c695-fb > .kt-row-layout-overlay{opacity:0.30;}@media all and (max-width: 1024px){.kb-row-layout-id256_d2c695-fb > .kt-row-column-wrap > div:not(.added-for-specificity){grid-column:initial;}}@media all and (max-width: 1024px){.kb-row-layout-id256_d2c695-fb > .kt-row-column-wrap{grid-template-columns:minmax(0, 1fr) minmax(0, 2fr) minmax(0, 1fr);}}@media all and (max-width: 767px){.kb-row-layout-id256_d2c695-fb > .kt-row-column-wrap > div:not(.added-for-specificity){grid-column:initial;}.kb-row-layout-id256_d2c695-fb > .kt-row-column-wrap{grid-template-columns:minmax(0, 1fr);}}<\/style><div class=\"kb-row-layout-wrap kb-row-layout-id256_d2c695-fb alignnone wp-block-kadence-rowlayout\"><div class=\"kt-row-column-wrap kt-has-3-columns kt-row-layout-center-half kt-tab-layout-inherit kt-mobile-layout-row kt-row-valign-top\">\n<style>.kadence-column256_8a121d-b0 > .kt-inside-inner-col,.kadence-column256_8a121d-b0 > .kt-inside-inner-col:before{border-top-left-radius:0px;border-top-right-radius:0px;border-bottom-right-radius:0px;border-bottom-left-radius:0px;}.kadence-column256_8a121d-b0 > .kt-inside-inner-col{column-gap:var(--global-kb-gap-sm, 1rem);}.kadence-column256_8a121d-b0 > .kt-inside-inner-col{flex-direction:column;}.kadence-column256_8a121d-b0 > .kt-inside-inner-col > .aligncenter{width:100%;}.kadence-column256_8a121d-b0 > .kt-inside-inner-col:before{opacity:0.3;}.kadence-column256_8a121d-b0{position:relative;}@media all and (max-width: 1024px){.kadence-column256_8a121d-b0 > .kt-inside-inner-col{flex-direction:column;justify-content:center;}}@media all and (max-width: 767px){.kadence-column256_8a121d-b0 > .kt-inside-inner-col{flex-direction:column;justify-content:center;}}<\/style>\n<div class=\"wp-block-kadence-column kadence-column256_8a121d-b0\"><div class=\"kt-inside-inner-col\"><\/div><\/div>\n\n\n<style>.kadence-column256_94c661-31 > .kt-inside-inner-col,.kadence-column256_94c661-31 > .kt-inside-inner-col:before{border-top-left-radius:0px;border-top-right-radius:0px;border-bottom-right-radius:0px;border-bottom-left-radius:0px;}.kadence-column256_94c661-31 > .kt-inside-inner-col{column-gap:var(--global-kb-gap-sm, 1rem);}.kadence-column256_94c661-31 > .kt-inside-inner-col{flex-direction:column;}.kadence-column256_94c661-31 > .kt-inside-inner-col > .aligncenter{width:100%;}.kadence-column256_94c661-31 > .kt-inside-inner-col:before{opacity:0.3;}.kadence-column256_94c661-31{position:relative;}@media all and (max-width: 1024px){.kadence-column256_94c661-31 > .kt-inside-inner-col{flex-direction:column;justify-content:center;}}@media all and (max-width: 767px){.kadence-column256_94c661-31 > .kt-inside-inner-col{flex-direction:column;justify-content:center;}}<\/style>\n<div class=\"wp-block-kadence-column kadence-column256_94c661-31\"><div class=\"kt-inside-inner-col\"><style>.wp-block-kadence-advancedbtn.kb-btns256_ac7e61-06{gap:var(--global-kb-gap-xs, 0.5rem );justify-content:center;align-items:center;}.kt-btns256_ac7e61-06 .kt-button{font-weight:normal;font-style:normal;}.kt-btns256_ac7e61-06 .kt-btn-wrap-0{margin-right:5px;}.wp-block-kadence-advancedbtn.kt-btns256_ac7e61-06 .kt-btn-wrap-0 .kt-button{color:#555555;border-color:#555555;}.wp-block-kadence-advancedbtn.kt-btns256_ac7e61-06 .kt-btn-wrap-0 .kt-button:hover, .wp-block-kadence-advancedbtn.kt-btns256_ac7e61-06 .kt-btn-wrap-0 .kt-button:focus{color:#ffffff;border-color:#444444;}.wp-block-kadence-advancedbtn.kt-btns256_ac7e61-06 .kt-btn-wrap-0 .kt-button::before{display:none;}.wp-block-kadence-advancedbtn.kt-btns256_ac7e61-06 .kt-btn-wrap-0 .kt-button:hover, .wp-block-kadence-advancedbtn.kt-btns256_ac7e61-06 .kt-btn-wrap-0 .kt-button:focus{background:#444444;}<\/style>\n<div class=\"wp-block-kadence-advancedbtn kb-buttons-wrap kb-btns256_ac7e61-06\"><style>ul.menu .wp-block-kadence-advancedbtn .kb-btn256_4ba02d-0a.kb-button{width:initial;}.wp-block-kadence-advancedbtn .kb-btn256_4ba02d-0a.kb-button{background:#7b5934;box-shadow:20px 20px 30px 0px rgba(0, 0, 0, 0.2);}<\/style><a class=\"kb-button kt-button button kb-btn256_4ba02d-0a kt-btn-size-standard kt-btn-width-type-auto kb-btn-global-fill  kt-btn-has-text-true kt-btn-has-svg-false  wp-block-kadence-singlebtn\" href=\"https:\/\/secure.reservit.com\/engine\/booking\/2\/468680\/dates?langcode=FR\"><span class=\"kt-btn-inner-text\">Book Suite Ember<\/span><\/a><\/div>\n<\/div><\/div>\n\n\n<style>.kadence-column256_e5856e-83 > .kt-inside-inner-col,.kadence-column256_e5856e-83 > .kt-inside-inner-col:before{border-top-left-radius:0px;border-top-right-radius:0px;border-bottom-right-radius:0px;border-bottom-left-radius:0px;}.kadence-column256_e5856e-83 > .kt-inside-inner-col{column-gap:var(--global-kb-gap-sm, 1rem);}.kadence-column256_e5856e-83 > .kt-inside-inner-col{flex-direction:column;}.kadence-column256_e5856e-83 > .kt-inside-inner-col > .aligncenter{width:100%;}.kadence-column256_e5856e-83 > .kt-inside-inner-col:before{opacity:0.3;}.kadence-column256_e5856e-83{position:relative;}@media all and (max-width: 1024px){.kadence-column256_e5856e-83 > .kt-inside-inner-col{flex-direction:column;justify-content:center;}}@media all and (max-width: 767px){.kadence-column256_e5856e-83 > .kt-inside-inner-col{flex-direction:column;justify-content:center;}}<\/style>\n<div class=\"wp-block-kadence-column kadence-column256_e5856e-83\"><div class=\"kt-inside-inner-col\"><\/div><\/div>\n\n<\/div><\/div>\n\n<div class=\"wp-block-coblocks-shape-divider alignfull coblocks-shape-divider-8714192337 mb-0 is-style-triangle is-horizontally-flipped mb-0\" style=\"color: #7b5934;\" aria-hidden=\"true\">\n\t\t\t<div class=\"wp-block-coblocks-shape-divider__svg-wrapper\" style=\"height:100px;\">\n\t\t\t\t<svg class=\"divider--triangle\" viewbox=\"0 0 100 100\" xmlns=\"http:\/\/www.w3.org\/2000\/svg\" preserveaspectratio=\"none\"><path d=\"m0 0 50 100 50-100z\" fillrule=\"evenodd\" transform=\"matrix(1 0 0 -1 0 100)\" \/><\/svg>\n\t\t\t<\/div>\n\t\t\t<div class=\"wp-block-coblocks-shape-divider__alt-wrapper\" style=\"height:50px;\"><\/div>\n\t\t<\/div>\n\n\n<div class=\"wp-block-group alignfull mb-0 mt-0\" style=\"padding-top:var(--wp--preset--spacing--60);padding-right:var(--wp--preset--spacing--20);padding-bottom:var(--wp--preset--spacing--60);padding-left:var(--wp--preset--spacing--20)\"><div class=\"wp-block-group__inner-container is-layout-flow wp-block-group-is-layout-flow\">\n<p>Dans notre chambre soigneusement am\u00e9nag\u00e9e, o\u00f9 design contemporain et confort d\u00e9contract\u00e9 se rencontrent, vous trouverez un grand lit moelleux orn\u00e9 de somptueux draps de luxe, deux fauteuils accueillants et confortables parfaits pour se d\u00e9tendre, et une cuisine \u00e9l\u00e9gante \u00e9quip\u00e9e pour pr\u00e9parer de petits repas lorsque vous ne vous d\u00e9lectez pas des d\u00e9lices gastronomiques du formidable bistro situ\u00e9 au rez-de-chauss\u00e9e&nbsp;; cet espace serein est mis en valeur par des stores occultants et un \u00e9clairage d&rsquo;ambiance doux, tandis qu&rsquo;une superbe fresque repr\u00e9sentant un arbre majestueux insuffle de la vie \u00e0 la pi\u00e8ce, cr\u00e9ant un sanctuaire \u00e0 la fois simple et apaisant.<\/p>\n<\/div><\/div>\n\n\n\n<div class=\"wp-block-coblocks-services alignwide is-style-square\"><div class=\"is-style-square has-columns has-3-columns has-responsive-columns has-medium-gutter\">\n<div class=\"wp-block-coblocks-service\"><figure class=\"wp-block-coblocks-service__figure\"><img decoding=\"async\" src=\"https:\/\/walnutbistro.com\/wp-content\/uploads\/2026\/02\/Walnut-Gites-013-1-scaled-e1770393243396.jpg\" alt=\"\"\/><\/figure><div class=\"wp-block-coblocks-service__content\">\n<h3 class=\"wp-block-heading\">Bed<\/h3>\n\n\n\n<p class=\"has-text-align-center\">180 x 200 cm bed with luxury cotton sheets and two types of pillow to suit all needs.<\/p>\n<\/div><\/div>\n\n\n\n<div class=\"wp-block-coblocks-service\"><figure class=\"wp-block-coblocks-service__figure\"><img decoding=\"async\" src=\"https:\/\/walnutbistro.com\/wp-content\/uploads\/2026\/02\/Walnut-Gites-015-scaled.jpg\" alt=\"\"\/><\/figure><div class=\"wp-block-coblocks-service__content\">\n<h3 class=\"wp-block-heading\">Bathroom<\/h3>\n\n\n\n<p class=\"has-text-align-center\">His and Hers sinks with luxury soap, shampoo and conditioner. Luxury bathrobes and towels: everything you need.<\/p>\n<\/div><\/div>\n\n\n\n<div class=\"wp-block-coblocks-service\"><figure class=\"wp-block-coblocks-service__figure\"><img decoding=\"async\" src=\"https:\/\/walnutbistro.com\/wp-content\/uploads\/2026\/02\/Walnut-Gites-008-scaled.jpg\" alt=\"\" style=\"object-position:0% 34%\"\/><\/figure><div class=\"wp-block-coblocks-service__content\">\n<h3 class=\"wp-block-heading\">Television<\/h3>\n\n\n\n<p class=\"has-text-align-center\">two comfortable armchairs, with a large Smart television<\/p>\n<\/div><\/div>\n<\/div><\/div>\n\n\n<style>.kb-gallery-id-256_bda190-3b .kadence-blocks-gallery-item .kb-gal-image-radius, .kb-gallery-id-256_bda190-3b .kb-slide-item .kb-gal-image-radius img{border-radius:0px 0px 0px 0px;;}.kb-gallery-wrap-id-256_bda190-3b.wp-block-kadence-advancedgallery{overflow:visible;}.kb-gallery-wrap-id-256_bda190-3b.wp-block-kadence-advancedgallery .kt-blocks-carousel{overflow:visible;}<\/style><div class=\"kb-gallery-wrap-id-256_bda190-3b alignnone wp-block-kadence-advancedgallery\"><div class=\"kb-gallery-ul kb-gallery-non-static kb-gallery-type-slider kb-gallery-id-256_bda190-3b kb-gallery-caption-style-bottom-hover kb-gallery-filter-none\" data-image-filter=\"none\" data-lightbox-caption=\"true\"><div class=\"kt-blocks-carousel splide kt-carousel-container-dotstyle-dark kt-carousel-arrowstyle-whiteondark kt-carousel-dotstyle-dark kb-slider-group-arrow kb-slider-arrow-position-center\" data-slider-anim-speed=\"400\" data-slider-scroll=\"1\" data-slider-arrows=\"true\" data-slider-fade=\"true\" data-slider-dots=\"true\" data-slider-type=\"slider\" data-slider-hover-pause=\"false\" data-slider-auto=\"1\" data-slider-speed=\"7000\" data-show-pause-button=\"false\"><div class=\"splide__track\"><ul class=\"kt-blocks-carousel-init kb-blocks-slider splide__list\"><li class=\"kb-slide-item kb-gallery-slide-item splide__slide\"><div class=\"kadence-blocks-gallery-item\"><div class=\"kadence-blocks-gallery-item-inner\"><figure class=\"kb-gallery-figure kadence-blocks-gallery-item-hide-caption\"><div class=\"kb-gal-image-radius\"><div class=\"kb-gallery-image-contain kadence-blocks-gallery-intrinsic kb-gallery-image-ratio-land32 kb-has-image-ratio-land32\" ><img loading=\"lazy\" decoding=\"async\" src=\"https:\/\/walnutbistro.com\/wp-content\/uploads\/2026\/02\/Walnut-Gites-008-1024x682.jpg\" width=\"660\" height=\"440\" alt=\"\" data-full-image=\"https:\/\/walnutbistro.com\/wp-content\/uploads\/2026\/02\/Walnut-Gites-008-scaled.jpg\" data-light-image=\"https:\/\/walnutbistro.com\/wp-content\/uploads\/2026\/02\/Walnut-Gites-008-scaled.jpg\" data-id=\"181\" class=\"wp-image-181 skip-lazy\" srcset=\"https:\/\/walnutbistro.com\/wp-content\/uploads\/2026\/02\/Walnut-Gites-008-1024x682.jpg 1024w, https:\/\/walnutbistro.com\/wp-content\/uploads\/2026\/02\/Walnut-Gites-008-300x200.jpg 300w, https:\/\/walnutbistro.com\/wp-content\/uploads\/2026\/02\/Walnut-Gites-008-768x511.jpg 768w, https:\/\/walnutbistro.com\/wp-content\/uploads\/2026\/02\/Walnut-Gites-008-1536x1023.jpg 1536w, https:\/\/walnutbistro.com\/wp-content\/uploads\/2026\/02\/Walnut-Gites-008-2048x1364.jpg 2048w\" sizes=\"auto, (max-width: 660px) 100vw, 660px\" \/><\/div><\/div><\/figure><\/div><\/div><\/li><li class=\"kb-slide-item kb-gallery-slide-item splide__slide\"><div class=\"kadence-blocks-gallery-item\"><div class=\"kadence-blocks-gallery-item-inner\"><figure class=\"kb-gallery-figure kadence-blocks-gallery-item-hide-caption\"><div class=\"kb-gal-image-radius\"><div class=\"kb-gallery-image-contain kadence-blocks-gallery-intrinsic kb-gallery-image-ratio-land32 kb-has-image-ratio-land32\" ><img loading=\"lazy\" decoding=\"async\" src=\"https:\/\/walnutbistro.com\/wp-content\/uploads\/2026\/02\/Walnut-Gites-015-1024x682.jpg\" width=\"660\" height=\"440\" alt=\"\" data-full-image=\"https:\/\/walnutbistro.com\/wp-content\/uploads\/2026\/02\/Walnut-Gites-015-scaled.jpg\" data-light-image=\"https:\/\/walnutbistro.com\/wp-content\/uploads\/2026\/02\/Walnut-Gites-015-scaled.jpg\" data-id=\"182\" class=\"wp-image-182 skip-lazy\" srcset=\"https:\/\/walnutbistro.com\/wp-content\/uploads\/2026\/02\/Walnut-Gites-015-1024x682.jpg 1024w, https:\/\/walnutbistro.com\/wp-content\/uploads\/2026\/02\/Walnut-Gites-015-300x200.jpg 300w, https:\/\/walnutbistro.com\/wp-content\/uploads\/2026\/02\/Walnut-Gites-015-768x511.jpg 768w, https:\/\/walnutbistro.com\/wp-content\/uploads\/2026\/02\/Walnut-Gites-015-1536x1023.jpg 1536w, https:\/\/walnutbistro.com\/wp-content\/uploads\/2026\/02\/Walnut-Gites-015-2048x1364.jpg 2048w\" sizes=\"auto, (max-width: 660px) 100vw, 660px\" \/><\/div><\/div><\/figure><\/div><\/div><\/li><li class=\"kb-slide-item kb-gallery-slide-item splide__slide\"><div class=\"kadence-blocks-gallery-item\"><div class=\"kadence-blocks-gallery-item-inner\"><figure class=\"kb-gallery-figure kadence-blocks-gallery-item-hide-caption\"><div class=\"kb-gal-image-radius\"><div class=\"kb-gallery-image-contain kadence-blocks-gallery-intrinsic kb-gallery-image-ratio-land32 kb-has-image-ratio-land32\" ><img loading=\"lazy\" decoding=\"async\" src=\"https:\/\/walnutbistro.com\/wp-content\/uploads\/2026\/02\/Walnut-Gites-007-1024x682.jpg\" width=\"660\" height=\"440\" alt=\"\" data-full-image=\"https:\/\/walnutbistro.com\/wp-content\/uploads\/2026\/02\/Walnut-Gites-007-scaled.jpg\" data-light-image=\"https:\/\/walnutbistro.com\/wp-content\/uploads\/2026\/02\/Walnut-Gites-007-scaled.jpg\" data-id=\"171\" class=\"wp-image-171 skip-lazy\" srcset=\"https:\/\/walnutbistro.com\/wp-content\/uploads\/2026\/02\/Walnut-Gites-007-1024x682.jpg 1024w, https:\/\/walnutbistro.com\/wp-content\/uploads\/2026\/02\/Walnut-Gites-007-300x200.jpg 300w, https:\/\/walnutbistro.com\/wp-content\/uploads\/2026\/02\/Walnut-Gites-007-768x512.jpg 768w, https:\/\/walnutbistro.com\/wp-content\/uploads\/2026\/02\/Walnut-Gites-007-1536x1023.jpg 1536w, https:\/\/walnutbistro.com\/wp-content\/uploads\/2026\/02\/Walnut-Gites-007-2048x1364.jpg 2048w\" sizes=\"auto, (max-width: 660px) 100vw, 660px\" \/><\/div><\/div><\/figure><\/div><\/div><\/li><li class=\"kb-slide-item kb-gallery-slide-item splide__slide\"><div class=\"kadence-blocks-gallery-item\"><div class=\"kadence-blocks-gallery-item-inner\"><figure class=\"kb-gallery-figure kadence-blocks-gallery-item-hide-caption\"><div class=\"kb-gal-image-radius\"><div class=\"kb-gallery-image-contain kadence-blocks-gallery-intrinsic kb-gallery-image-ratio-land32 kb-has-image-ratio-land32\" ><img loading=\"lazy\" decoding=\"async\" src=\"https:\/\/walnutbistro.com\/wp-content\/uploads\/2026\/02\/Walnut-Gites-004-1024x682.jpg\" width=\"660\" height=\"440\" alt=\"\" data-full-image=\"https:\/\/walnutbistro.com\/wp-content\/uploads\/2026\/02\/Walnut-Gites-004-scaled.jpg\" data-light-image=\"https:\/\/walnutbistro.com\/wp-content\/uploads\/2026\/02\/Walnut-Gites-004-scaled.jpg\" data-id=\"168\" class=\"wp-image-168 skip-lazy\" srcset=\"https:\/\/walnutbistro.com\/wp-content\/uploads\/2026\/02\/Walnut-Gites-004-1024x682.jpg 1024w, https:\/\/walnutbistro.com\/wp-content\/uploads\/2026\/02\/Walnut-Gites-004-300x200.jpg 300w, https:\/\/walnutbistro.com\/wp-content\/uploads\/2026\/02\/Walnut-Gites-004-768x511.jpg 768w, https:\/\/walnutbistro.com\/wp-content\/uploads\/2026\/02\/Walnut-Gites-004-1536x1023.jpg 1536w, https:\/\/walnutbistro.com\/wp-content\/uploads\/2026\/02\/Walnut-Gites-004-2048x1364.jpg 2048w\" sizes=\"auto, (max-width: 660px) 100vw, 660px\" \/><\/div><\/div><\/figure><\/div><\/div><\/li><li class=\"kb-slide-item kb-gallery-slide-item splide__slide\"><div class=\"kadence-blocks-gallery-item\"><div class=\"kadence-blocks-gallery-item-inner\"><figure class=\"kb-gallery-figure kadence-blocks-gallery-item-hide-caption\"><div class=\"kb-gal-image-radius\"><div class=\"kb-gallery-image-contain kadence-blocks-gallery-intrinsic kb-gallery-image-ratio-land32 kb-has-image-ratio-land32\" ><img loading=\"lazy\" decoding=\"async\" src=\"https:\/\/walnutbistro.com\/wp-content\/uploads\/2026\/02\/Walnut-Gites-017-1024x681.jpg\" width=\"660\" height=\"439\" alt=\"\" data-full-image=\"https:\/\/walnutbistro.com\/wp-content\/uploads\/2026\/02\/Walnut-Gites-017-scaled.jpg\" data-light-image=\"https:\/\/walnutbistro.com\/wp-content\/uploads\/2026\/02\/Walnut-Gites-017-scaled.jpg\" data-id=\"160\" class=\"wp-image-160 skip-lazy\" srcset=\"https:\/\/walnutbistro.com\/wp-content\/uploads\/2026\/02\/Walnut-Gites-017-1024x681.jpg 1024w, https:\/\/walnutbistro.com\/wp-content\/uploads\/2026\/02\/Walnut-Gites-017-300x200.jpg 300w, https:\/\/walnutbistro.com\/wp-content\/uploads\/2026\/02\/Walnut-Gites-017-768x511.jpg 768w, https:\/\/walnutbistro.com\/wp-content\/uploads\/2026\/02\/Walnut-Gites-017-1536x1022.jpg 1536w, https:\/\/walnutbistro.com\/wp-content\/uploads\/2026\/02\/Walnut-Gites-017-2048x1362.jpg 2048w\" sizes=\"auto, (max-width: 660px) 100vw, 660px\" \/><\/div><\/div><\/figure><\/div><\/div><\/li><li class=\"kb-slide-item kb-gallery-slide-item splide__slide\"><div class=\"kadence-blocks-gallery-item\"><div class=\"kadence-blocks-gallery-item-inner\"><figure class=\"kb-gallery-figure kadence-blocks-gallery-item-hide-caption\"><div class=\"kb-gal-image-radius\"><div class=\"kb-gallery-image-contain kadence-blocks-gallery-intrinsic kb-gallery-image-ratio-land32 kb-has-image-ratio-land32\" ><img loading=\"lazy\" decoding=\"async\" src=\"https:\/\/walnutbistro.com\/wp-content\/uploads\/2026\/02\/Walnut-Gites-002-1024x682.jpg\" width=\"660\" height=\"440\" alt=\"\" data-full-image=\"https:\/\/walnutbistro.com\/wp-content\/uploads\/2026\/02\/Walnut-Gites-002-scaled.jpg\" data-light-image=\"https:\/\/walnutbistro.com\/wp-content\/uploads\/2026\/02\/Walnut-Gites-002-scaled.jpg\" data-id=\"159\" class=\"wp-image-159 skip-lazy\" srcset=\"https:\/\/walnutbistro.com\/wp-content\/uploads\/2026\/02\/Walnut-Gites-002-1024x682.jpg 1024w, https:\/\/walnutbistro.com\/wp-content\/uploads\/2026\/02\/Walnut-Gites-002-300x200.jpg 300w, https:\/\/walnutbistro.com\/wp-content\/uploads\/2026\/02\/Walnut-Gites-002-768x511.jpg 768w, https:\/\/walnutbistro.com\/wp-content\/uploads\/2026\/02\/Walnut-Gites-002-1536x1023.jpg 1536w, https:\/\/walnutbistro.com\/wp-content\/uploads\/2026\/02\/Walnut-Gites-002-2048x1364.jpg 2048w\" sizes=\"auto, (max-width: 660px) 100vw, 660px\" \/><\/div><\/div><\/figure><\/div><\/div><\/li><\/ul><\/div><\/div><\/div><\/div>","protected":false},"excerpt":{"rendered":"<p>Design contemporain et confort relaxant, d\u00e9couvrez notre suite la plus intime Dans notre chambre soigneusement am\u00e9nag\u00e9e, o\u00f9 design contemporain et confort d\u00e9contract\u00e9 se rencontrent, vous trouverez un grand lit moelleux orn\u00e9 de somptueux draps de luxe, deux fauteuils accueillants et confortables parfaits pour se d\u00e9tendre, et une cuisine \u00e9l\u00e9gante \u00e9quip\u00e9e pour pr\u00e9parer de petits repas [&hellip;]<\/p>\n","protected":false},"author":1,"featured_media":0,"parent":0,"menu_order":0,"comment_status":"closed","ping_status":"closed","template":"","meta":{"_coblocks_attr":"","_coblocks_dimensions":"","_coblocks_responsive_height":"","_coblocks_accordion_ie_support":"","hide_page_title":"","footnotes":""},"class_list":["post-256","page","type-page","status-publish","hentry"],"_links":{"self":[{"href":"https:\/\/walnutbistro.com\/en\/wp-json\/wp\/v2\/pages\/256","targetHints":{"allow":["GET"]}}],"collection":[{"href":"https:\/\/walnutbistro.com\/en\/wp-json\/wp\/v2\/pages"}],"about":[{"href":"https:\/\/walnutbistro.com\/en\/wp-json\/wp\/v2\/types\/page"}],"author":[{"embeddable":true,"href":"https:\/\/walnutbistro.com\/en\/wp-json\/wp\/v2\/users\/1"}],"replies":[{"embeddable":true,"href":"https:\/\/walnutbistro.com\/en\/wp-json\/wp\/v2\/comments?post=256"}],"version-history":[{"count":5,"href":"https:\/\/walnutbistro.com\/en\/wp-json\/wp\/v2\/pages\/256\/revisions"}],"predecessor-version":[{"id":392,"href":"https:\/\/walnutbistro.com\/en\/wp-json\/wp\/v2\/pages\/256\/revisions\/392"}],"wp:attachment":[{"href":"https:\/\/walnutbistro.com\/en\/wp-json\/wp\/v2\/media?parent=256"}],"curies":[{"name":"wp","href":"https:\/\/api.w.org\/{rel}","templated":true}]}}